{"id":163,"date":"2020-07-10T10:00:53","date_gmt":"2020-07-10T08:00:53","guid":{"rendered":"https:\/\/www.zahnarzt-stmoritz.ch\/?page_id=163"},"modified":"2020-11-10T14:25:56","modified_gmt":"2020-11-10T12:25:56","slug":"emergency","status":"publish","type":"page","link":"https:\/\/www.zahnarzt-stmoritz.ch\/en\/notfall\/","title":{"rendered":"Emergency"},"content":{"rendered":"\t\t<div data-elementor-type=\"wp-page\" data-elementor-id=\"163\" class=\"elementor elementor-163\" data-elementor-post-type=\"page\">\n\t\t\t\t\t\t<section class=\"elementor-section elementor-top-section elementor-element elementor-element-3b44e1f elementor-section-full_width elementor-section-height-min-height elementor-section-height-default elementor-section-items-middle\" data-id=\"3b44e1f\" data-element_type=\"section\" data-e-type=\"section\" data-settings=\"{&quot;background_background&quot;:&quot;classic&quot;,&quot;background_motion_fx_opacity_effect&quot;:&quot;yes&quot;,&quot;background_motion_fx_opacity_range&quot;:{&quot;unit&quot;:&quot;%&quot;,&quot;size&quot;:&quot;&quot;,&quot;sizes&quot;:{&quot;start&quot;:&quot;51&quot;,&quot;end&quot;:&quot;76&quot;}},&quot;background_motion_fx_motion_fx_scrolling&quot;:&quot;yes&quot;,&quot;background_motion_fx_opacity_direction&quot;:&quot;in-out&quot;,&quot;background_motion_fx_opacity_level&quot;:{&quot;unit&quot;:&quot;px&quot;,&quot;size&quot;:10,&quot;sizes&quot;:[]},&quot;background_motion_fx_devices&quot;:[&quot;desktop&quot;,&quot;tablet&quot;,&quot;mobile&quot;]}\">\n\t\t\t\t\t\t\t<div class=\"elementor-background-overlay\"><\/div>\n\t\t\t\t\t\t\t<div class=\"elementor-container elementor-column-gap-default\">\n\t\t\t\t\t<div class=\"elementor-column elementor-col-100 elementor-top-column elementor-element elementor-element-7d5acaf\" data-id=\"7d5acaf\" data-element_type=\"column\" data-e-type=\"column\">\n\t\t\t<div class=\"elementor-widget-wrap\">\n\t\t\t\t\t\t\t<\/div>\n\t\t<\/div>\n\t\t\t\t\t<\/div>\n\t\t<\/section>\n\t\t\t\t<section class=\"elementor-section elementor-top-section elementor-element elementor-element-d54756f elementor-section-boxed elementor-section-height-default elementor-section-height-default\" data-id=\"d54756f\" data-element_type=\"section\" data-e-type=\"section\">\n\t\t\t\t\t\t<div class=\"elementor-container elementor-column-gap-default\">\n\t\t\t\t\t<div class=\"elementor-column elementor-col-100 elementor-top-column elementor-element elementor-element-6fa5eb1\" data-id=\"6fa5eb1\" data-element_type=\"column\" data-e-type=\"column\" data-settings=\"{&quot;background_background&quot;:&quot;classic&quot;}\">\n\t\t\t<div class=\"elementor-widget-wrap elementor-element-populated\">\n\t\t\t\t\t\t<section class=\"elementor-section elementor-inner-section elementor-element elementor-element-c16aa4f elementor-section-boxed elementor-section-height-default elementor-section-height-default\" data-id=\"c16aa4f\" data-element_type=\"section\" data-e-type=\"section\">\n\t\t\t\t\t\t<div class=\"elementor-container elementor-column-gap-default\">\n\t\t\t\t\t<div class=\"elementor-column elementor-col-50 elementor-inner-column elementor-element elementor-element-45d0bfd\" data-id=\"45d0bfd\" data-element_type=\"column\" data-e-type=\"column\" data-settings=\"{&quot;background_background&quot;:&quot;classic&quot;}\">\n\t\t\t<div class=\"elementor-widget-wrap elementor-element-populated\">\n\t\t\t\t\t\t<div class=\"elementor-element elementor-element-eff376d elementor-widget elementor-widget-heading\" data-id=\"eff376d\" data-element_type=\"widget\" data-e-type=\"widget\" data-widget_type=\"heading.default\">\n\t\t\t\t<div class=\"elementor-widget-container\">\n\t\t\t\t\t<h1 class=\"elementor-heading-title elementor-size-default\">Notfall<\/h1>\t\t\t\t<\/div>\n\t\t\t\t<\/div>\n\t\t\t\t\t<\/div>\n\t\t<\/div>\n\t\t\t\t<div class=\"elementor-column elementor-col-50 elementor-inner-column elementor-element elementor-element-e947708\" data-id=\"e947708\" data-element_type=\"column\" data-e-type=\"column\" data-settings=\"{&quot;background_background&quot;:&quot;classic&quot;}\">\n\t\t\t<div class=\"elementor-widget-wrap\">\n\t\t\t\t\t\t\t<\/div>\n\t\t<\/div>\n\t\t\t\t\t<\/div>\n\t\t<\/section>\n\t\t\t\t\t<\/div>\n\t\t<\/div>\n\t\t\t\t\t<\/div>\n\t\t<\/section>\n\t\t\t\t<section class=\"elementor-section elementor-top-section elementor-element elementor-element-7b3ee21 elementor-section-boxed elementor-section-height-default elementor-section-height-default\" data-id=\"7b3ee21\" data-element_type=\"section\" data-e-type=\"section\">\n\t\t\t\t\t\t<div class=\"elementor-container elementor-column-gap-no\">\n\t\t\t\t\t<div class=\"elementor-column elementor-col-33 elementor-top-column elementor-element elementor-element-4cf14ee\" data-id=\"4cf14ee\" data-element_type=\"column\" data-e-type=\"column\">\n\t\t\t<div class=\"elementor-widget-wrap elementor-element-populated\">\n\t\t\t\t\t\t<div class=\"elementor-element elementor-element-9f8ee30 elementor-widget elementor-widget-heading\" data-id=\"9f8ee30\" data-element_type=\"widget\" data-e-type=\"widget\" data-widget_type=\"heading.default\">\n\t\t\t\t<div class=\"elementor-widget-container\">\n\t\t\t\t\t<h2 class=\"elementor-heading-title elementor-size-default\">Unser Zahn\u00e4rztlicher Notfalldienst<\/h2>\t\t\t\t<\/div>\n\t\t\t\t<\/div>\n\t\t\t\t<div class=\"elementor-element elementor-element-663eac5 elementor-widget-divider--view-line elementor-widget elementor-widget-divider\" data-id=\"663eac5\" data-element_type=\"widget\" data-e-type=\"widget\" data-widget_type=\"divider.default\">\n\t\t\t\t<div class=\"elementor-widget-container\">\n\t\t\t\t\t\t\t<div class=\"elementor-divider\">\n\t\t\t<span class=\"elementor-divider-separator\">\n\t\t\t\t\t\t<\/span>\n\t\t<\/div>\n\t\t\t\t\t\t<\/div>\n\t\t\t\t<\/div>\n\t\t\t\t<div class=\"elementor-element elementor-element-01d3fdf elementor-widget elementor-widget-text-editor\" data-id=\"01d3fdf\" data-element_type=\"widget\" data-e-type=\"widget\" data-widget_type=\"text-editor.default\">\n\t\t\t\t<div class=\"elementor-widget-container\">\n\t\t\t\t\t\t\t\t\t<p><span style=\"font-size: 18pt;\"><strong>Was ist geschehen?<\/strong><\/span><br \/><span style=\"font-size: 18pt;\"><strong>Wieviel Zeit ist seit dem Unfall verstrichen?<\/strong><\/span><br \/><span style=\"font-size: 18pt;\"><strong>Welche Z\u00e4hne sind betroffen \u2013 sind es Bleibende oder Milchz\u00e4hne?<\/strong><\/span><\/p><p><strong>Wichtig:<\/strong> Falls Z\u00e4hne vollst\u00e4ndig herausgeschlagen worden sind, sollten diese in einer Dentosafe-Box oder in Milch aufbewahrt werden, auf keinen Fall d\u00fcrfen die Z\u00e4hne abgerieben oder getrocknet werden, damit Ihr Notfallzahnarzt ein optimales Ergebnis erzielen kann. Sind die Z\u00e4hne verschmutzt, sollten Sie die Entfernung des Schmutzes dem Notfallzahnarzt \u00fcberlassen.<\/p>\t\t\t\t\t\t\t\t<\/div>\n\t\t\t\t<\/div>\n\t\t\t\t\t<\/div>\n\t\t<\/div>\n\t\t\t\t<div class=\"elementor-column elementor-col-33 elementor-top-column elementor-element elementor-element-4e443e4\" data-id=\"4e443e4\" data-element_type=\"column\" data-e-type=\"column\">\n\t\t\t<div class=\"elementor-widget-wrap elementor-element-populated\">\n\t\t\t\t\t\t<div class=\"elementor-element elementor-element-59dc12d elementor-widget elementor-widget-image\" data-id=\"59dc12d\" data-element_type=\"widget\" data-e-type=\"widget\" data-widget_type=\"image.default\">\n\t\t\t\t<div class=\"elementor-widget-container\">\n\t\t\t\t\t\t\t\t\t\t\t\t\t\t\t<img decoding=\"async\" src=\"https:\/\/www.zahnarzt-stmoritz.ch\/wp-content\/uploads\/elementor\/thumbs\/trabold_044-oy79xqrzyqqq96oihq55ing1jnme3tqvv1htcldjzk.jpg\" title=\"trabold_044\" alt=\"trabold_044\" loading=\"lazy\" \/>\t\t\t\t\t\t\t\t\t\t\t\t\t\t\t<\/div>\n\t\t\t\t<\/div>\n\t\t\t\t\t<\/div>\n\t\t<\/div>\n\t\t\t\t<div class=\"elementor-column elementor-col-33 elementor-top-column elementor-element elementor-element-a4b7ef6\" data-id=\"a4b7ef6\" data-element_type=\"column\" data-e-type=\"column\">\n\t\t\t<div class=\"elementor-widget-wrap elementor-element-populated\">\n\t\t\t\t\t\t<div class=\"elementor-element elementor-element-249b29b elementor-widget elementor-widget-image\" data-id=\"249b29b\" data-element_type=\"widget\" data-e-type=\"widget\" data-widget_type=\"image.default\">\n\t\t\t\t<div class=\"elementor-widget-container\">\n\t\t\t\t\t\t\t\t\t\t\t\t\t\t\t<img decoding=\"async\" src=\"https:\/\/www.zahnarzt-stmoritz.ch\/wp-content\/uploads\/elementor\/thumbs\/trabold_studio_18-oy5k3e5ohf069lwa583oo904h04c0nc1wno0gtcrkw.jpg\" title=\"trabold_studio_18\" alt=\"trabold_studio_18\" loading=\"lazy\" \/>\t\t\t\t\t\t\t\t\t\t\t\t\t\t\t<\/div>\n\t\t\t\t<\/div>\n\t\t\t\t\t<\/div>\n\t\t<\/div>\n\t\t\t\t\t<\/div>\n\t\t<\/section>\n\t\t\t\t<section class=\"elementor-section elementor-top-section elementor-element elementor-element-dd79db9 elementor-section-boxed elementor-section-height-default elementor-section-height-default\" data-id=\"dd79db9\" data-element_type=\"section\" data-e-type=\"section\">\n\t\t\t\t\t\t<div class=\"elementor-container elementor-column-gap-no\">\n\t\t\t\t\t<div class=\"elementor-column elementor-col-50 elementor-top-column elementor-element elementor-element-cb50043\" data-id=\"cb50043\" data-element_type=\"column\" data-e-type=\"column\">\n\t\t\t<div class=\"elementor-widget-wrap elementor-element-populated\">\n\t\t\t\t\t\t<div class=\"elementor-element elementor-element-f62655c elementor-widget elementor-widget-heading\" data-id=\"f62655c\" data-element_type=\"widget\" data-e-type=\"widget\" data-widget_type=\"heading.default\">\n\t\t\t\t<div class=\"elementor-widget-container\">\n\t\t\t\t\t<h2 class=\"elementor-heading-title elementor-size-default\">Bei akuten Zahnschmerzen oder nach einem Unfall sind wir immer f\u00fcr Sie da<\/h2>\t\t\t\t<\/div>\n\t\t\t\t<\/div>\n\t\t\t\t<div class=\"elementor-element elementor-element-0f55506 elementor-widget-divider--view-line elementor-widget elementor-widget-divider\" data-id=\"0f55506\" data-element_type=\"widget\" data-e-type=\"widget\" data-widget_type=\"divider.default\">\n\t\t\t\t<div class=\"elementor-widget-container\">\n\t\t\t\t\t\t\t<div class=\"elementor-divider\">\n\t\t\t<span class=\"elementor-divider-separator\">\n\t\t\t\t\t\t<\/span>\n\t\t<\/div>\n\t\t\t\t\t\t<\/div>\n\t\t\t\t<\/div>\n\t\t\t\t<div class=\"elementor-element elementor-element-9bc58ac elementor-widget elementor-widget-text-editor\" data-id=\"9bc58ac\" data-element_type=\"widget\" data-e-type=\"widget\" data-widget_type=\"text-editor.default\">\n\t\t\t\t<div class=\"elementor-widget-container\">\n\t\t\t\t\t\t\t\t\t<p>Tags\u00fcber unter: Tel: <a href=\"tel:+41818337373\">+41 81 833 73 73<\/a><br \/>Ausserhalb unserer \u00d6ffnungszeiten unter: <a href=\"tel:144\">144<\/a><\/p><p>\u00a0<\/p>\t\t\t\t\t\t\t\t<\/div>\n\t\t\t\t<\/div>\n\t\t\t\t\t<\/div>\n\t\t<\/div>\n\t\t\t\t<div class=\"elementor-column elementor-col-50 elementor-top-column elementor-element elementor-element-fe022f1\" data-id=\"fe022f1\" data-element_type=\"column\" data-e-type=\"column\">\n\t\t\t<div class=\"elementor-widget-wrap\">\n\t\t\t\t\t\t\t<\/div>\n\t\t<\/div>\n\t\t\t\t\t<\/div>\n\t\t<\/section>\n\t\t\t\t<\/div>\n\t\t","protected":false},"excerpt":{"rendered":"<p>Notfall Unser Zahn\u00e4rztlicher Notfalldienst Was ist geschehen?Wieviel Zeit ist seit dem Unfall verstrichen?Welche Z\u00e4hne sind betroffen \u2013 sind es Bleibende oder Milchz\u00e4hne? Wichtig: Falls Z\u00e4hne vollst\u00e4ndig herausgeschlagen worden sind, sollten diese in einer Dentosafe-Box oder in Milch aufbewahrt werden, auf keinen Fall d\u00fcrfen die Z\u00e4hne abgerieben oder getrocknet werden, damit Ihr Notfallzahnarzt ein optimales Ergebnis [&hellip;]<\/p>\n","protected":false},"author":3,"featured_media":0,"parent":0,"menu_order":0,"comment_status":"closed","ping_status":"closed","template":"","meta":{"site-sidebar-layout":"no-sidebar","site-content-layout":"page-builder","ast-site-content-layout":"default","site-content-style":"default","site-sidebar-style":"default","ast-global-header-display":"","ast-banner-title-visibility":"","ast-main-header-display":"","ast-hfb-above-header-display":"","ast-hfb-below-header-display":"","ast-hfb-mobile-header-display":"","site-post-title":"disabled","ast-breadcrumbs-content":"","ast-featured-img":"disabled","footer-sml-layout":"","ast-disable-related-posts":"","theme-transparent-header-meta":"default","adv-header-id-meta":"","stick-header-meta":"","header-above-stick-meta":"","header-main-stick-meta":"","header-below-stick-meta":"","astra-migrate-meta-layouts":"default","ast-page-background-enabled":"default","ast-page-background-meta":{"desktop":{"background-color":"","background-image":"","background-repeat":"repeat","background-position":"center center","background-size":"auto","background-attachment":"scroll","background-type":"","background-media":"","overlay-type":"","overlay-color":"","overlay-opacity":"","overlay-gradient":""},"tablet":{"background-color":"","background-image":"","background-repeat":"repeat","background-position":"center center","background-size":"auto","background-attachment":"scroll","background-type":"","background-media":"","overlay-type":"","overlay-color":"","overlay-opacity":"","overlay-gradient":""},"mobile":{"background-color":"","background-image":"","background-repeat":"repeat","background-position":"center center","background-size":"auto","background-attachment":"scroll","background-type":"","background-media":"","overlay-type":"","overlay-color":"","overlay-opacity":"","overlay-gradient":""}},"ast-content-background-meta":{"desktop":{"background-color":"var(--ast-global-color-5)","background-image":"","background-repeat":"repeat","background-position":"center center","background-size":"auto","background-attachment":"scroll","background-type":"","background-media":"","overlay-type":"","overlay-color":"","overlay-opacity":"","overlay-gradient":""},"tablet":{"background-color":"var(--ast-global-color-5)","background-image":"","background-repeat":"repeat","background-position":"center center","background-size":"auto","background-attachment":"scroll","background-type":"","background-media":"","overlay-type":"","overlay-color":"","overlay-opacity":"","overlay-gradient":""},"mobile":{"background-color":"var(--ast-global-color-5)","background-image":"","background-repeat":"repeat","background-position":"center center","background-size":"auto","background-attachment":"scroll","background-type":"","background-media":"","overlay-type":"","overlay-color":"","overlay-opacity":"","overlay-gradient":""}},"footnotes":""},"categories":[],"tags":[],"class_list":["post-163","page","type-page","status-publish","hentry"],"yoast_head":"<!-- This site is optimized with the Yoast SEO plugin v27.4 - https:\/\/yoast.com\/product\/yoast-seo-wordpress\/ -->\n<title>Notfall - Zahnarzt Dr. Trabold St.Moritz<\/title>\n<meta name=\"robots\" content=\"index, follow, max-snippet:-1, max-image-preview:large, max-video-preview:-1\" \/>\n<link rel=\"canonical\" href=\"https:\/\/www.zahnarzt-stmoritz.ch\/en\/emergency\/\" \/>\n<meta property=\"og:locale\" content=\"en_GB\" \/>\n<meta property=\"og:type\" content=\"article\" \/>\n<meta property=\"og:title\" content=\"Notfall - Zahnarzt Dr. Trabold St.Moritz\" \/>\n<meta property=\"og:description\" content=\"Notfall Unser Zahn\u00e4rztlicher Notfalldienst Was ist geschehen?Wieviel Zeit ist seit dem Unfall verstrichen?Welche Z\u00e4hne sind betroffen \u2013 sind es Bleibende oder Milchz\u00e4hne? Wichtig: Falls Z\u00e4hne vollst\u00e4ndig herausgeschlagen worden sind, sollten diese in einer Dentosafe-Box oder in Milch aufbewahrt werden, auf keinen Fall d\u00fcrfen die Z\u00e4hne abgerieben oder getrocknet werden, damit Ihr Notfallzahnarzt ein optimales Ergebnis [&hellip;]\" \/>\n<meta property=\"og:url\" content=\"https:\/\/www.zahnarzt-stmoritz.ch\/en\/emergency\/\" \/>\n<meta property=\"og:site_name\" content=\"Zahnarzt Dr. Trabold St.Moritz\" \/>\n<meta property=\"article:modified_time\" content=\"2020-11-10T12:25:56+00:00\" \/>\n<meta property=\"og:image\" content=\"https:\/\/www.zahnarzt-stmoritz.ch\/wp-content\/uploads\/elementor\/thumbs\/trabold_044-oy79xqrzyqqq96oihq55ing1jnme3tqvv1htcldjzk.jpg\" \/>\n<meta name=\"twitter:card\" content=\"summary_large_image\" \/>\n<meta name=\"twitter:label1\" content=\"Estimated reading time\" \/>\n\t<meta name=\"twitter:data1\" content=\"1 minute\" \/>\n<script type=\"application\/ld+json\" class=\"yoast-schema-graph\">{\"@context\":\"https:\\\/\\\/schema.org\",\"@graph\":[{\"@type\":\"WebPage\",\"@id\":\"https:\\\/\\\/www.zahnarzt-stmoritz.ch\\\/notfall\\\/\",\"url\":\"https:\\\/\\\/www.zahnarzt-stmoritz.ch\\\/notfall\\\/\",\"name\":\"Notfall - Zahnarzt Dr. Trabold St.Moritz\",\"isPartOf\":{\"@id\":\"https:\\\/\\\/www.zahnarzt-stmoritz.ch\\\/#website\"},\"primaryImageOfPage\":{\"@id\":\"https:\\\/\\\/www.zahnarzt-stmoritz.ch\\\/notfall\\\/#primaryimage\"},\"image\":{\"@id\":\"https:\\\/\\\/www.zahnarzt-stmoritz.ch\\\/notfall\\\/#primaryimage\"},\"thumbnailUrl\":\"https:\\\/\\\/www.zahnarzt-stmoritz.ch\\\/wp-content\\\/uploads\\\/elementor\\\/thumbs\\\/trabold_044-oy79xqrzyqqq96oihq55ing1jnme3tqvv1htcldjzk.jpg\",\"datePublished\":\"2020-07-10T08:00:53+00:00\",\"dateModified\":\"2020-11-10T12:25:56+00:00\",\"breadcrumb\":{\"@id\":\"https:\\\/\\\/www.zahnarzt-stmoritz.ch\\\/notfall\\\/#breadcrumb\"},\"inLanguage\":\"en-GB\",\"potentialAction\":[{\"@type\":\"ReadAction\",\"target\":[\"https:\\\/\\\/www.zahnarzt-stmoritz.ch\\\/notfall\\\/\"]}]},{\"@type\":\"ImageObject\",\"inLanguage\":\"en-GB\",\"@id\":\"https:\\\/\\\/www.zahnarzt-stmoritz.ch\\\/notfall\\\/#primaryimage\",\"url\":\"https:\\\/\\\/www.zahnarzt-stmoritz.ch\\\/wp-content\\\/uploads\\\/elementor\\\/thumbs\\\/trabold_044-oy79xqrzyqqq96oihq55ing1jnme3tqvv1htcldjzk.jpg\",\"contentUrl\":\"https:\\\/\\\/www.zahnarzt-stmoritz.ch\\\/wp-content\\\/uploads\\\/elementor\\\/thumbs\\\/trabold_044-oy79xqrzyqqq96oihq55ing1jnme3tqvv1htcldjzk.jpg\"},{\"@type\":\"BreadcrumbList\",\"@id\":\"https:\\\/\\\/www.zahnarzt-stmoritz.ch\\\/notfall\\\/#breadcrumb\",\"itemListElement\":[{\"@type\":\"ListItem\",\"position\":1,\"name\":\"Startseite\",\"item\":\"https:\\\/\\\/www.zahnarzt-stmoritz.ch\\\/\"},{\"@type\":\"ListItem\",\"position\":2,\"name\":\"Notfall\"}]},{\"@type\":\"WebSite\",\"@id\":\"https:\\\/\\\/www.zahnarzt-stmoritz.ch\\\/#website\",\"url\":\"https:\\\/\\\/www.zahnarzt-stmoritz.ch\\\/\",\"name\":\"Zahnarzt Dr. Trabold St.Moritz\",\"description\":\"Die kompetente Zahnarztpraxis in St. Moritz, Engadin\",\"publisher\":{\"@id\":\"https:\\\/\\\/www.zahnarzt-stmoritz.ch\\\/#organization\"},\"potentialAction\":[{\"@type\":\"SearchAction\",\"target\":{\"@type\":\"EntryPoint\",\"urlTemplate\":\"https:\\\/\\\/www.zahnarzt-stmoritz.ch\\\/?s={search_term_string}\"},\"query-input\":{\"@type\":\"PropertyValueSpecification\",\"valueRequired\":true,\"valueName\":\"search_term_string\"}}],\"inLanguage\":\"en-GB\"},{\"@type\":\"Organization\",\"@id\":\"https:\\\/\\\/www.zahnarzt-stmoritz.ch\\\/#organization\",\"name\":\"Zahnarzt Dr. Trabold St. Moritz\",\"url\":\"https:\\\/\\\/www.zahnarzt-stmoritz.ch\\\/\",\"logo\":{\"@type\":\"ImageObject\",\"inLanguage\":\"en-GB\",\"@id\":\"https:\\\/\\\/www.zahnarzt-stmoritz.ch\\\/#\\\/schema\\\/logo\\\/image\\\/\",\"url\":\"https:\\\/\\\/www.zahnarzt-stmoritz.ch\\\/wp-content\\\/uploads\\\/2020\\\/12\\\/zahnarztpraxis-dr-trabold-stmoritz.png\",\"contentUrl\":\"https:\\\/\\\/www.zahnarzt-stmoritz.ch\\\/wp-content\\\/uploads\\\/2020\\\/12\\\/zahnarztpraxis-dr-trabold-stmoritz.png\",\"width\":286,\"height\":85,\"caption\":\"Zahnarzt Dr. Trabold St. Moritz\"},\"image\":{\"@id\":\"https:\\\/\\\/www.zahnarzt-stmoritz.ch\\\/#\\\/schema\\\/logo\\\/image\\\/\"}}]}<\/script>\n<!-- \/ Yoast SEO plugin. -->","yoast_head_json":{"title":"Emergency - Dentist Dr. Trabold St.Moritz","robots":{"index":"index","follow":"follow","max-snippet":"max-snippet:-1","max-image-preview":"max-image-preview:large","max-video-preview":"max-video-preview:-1"},"canonical":"https:\/\/www.zahnarzt-stmoritz.ch\/en\/emergency\/","og_locale":"en_GB","og_type":"article","og_title":"Notfall - Zahnarzt Dr. Trabold St.Moritz","og_description":"Notfall Unser Zahn\u00e4rztlicher Notfalldienst Was ist geschehen?Wieviel Zeit ist seit dem Unfall verstrichen?Welche Z\u00e4hne sind betroffen \u2013 sind es Bleibende oder Milchz\u00e4hne? Wichtig: Falls Z\u00e4hne vollst\u00e4ndig herausgeschlagen worden sind, sollten diese in einer Dentosafe-Box oder in Milch aufbewahrt werden, auf keinen Fall d\u00fcrfen die Z\u00e4hne abgerieben oder getrocknet werden, damit Ihr Notfallzahnarzt ein optimales Ergebnis [&hellip;]","og_url":"https:\/\/www.zahnarzt-stmoritz.ch\/en\/emergency\/","og_site_name":"Zahnarzt Dr. Trabold St.Moritz","article_modified_time":"2020-11-10T12:25:56+00:00","og_image":[{"url":"https:\/\/www.zahnarzt-stmoritz.ch\/wp-content\/uploads\/elementor\/thumbs\/trabold_044-oy79xqrzyqqq96oihq55ing1jnme3tqvv1htcldjzk.jpg","type":"","width":"","height":""}],"twitter_card":"summary_large_image","twitter_misc":{"Estimated reading time":"1 minute"},"schema":{"@context":"https:\/\/schema.org","@graph":[{"@type":"WebPage","@id":"https:\/\/www.zahnarzt-stmoritz.ch\/notfall\/","url":"https:\/\/www.zahnarzt-stmoritz.ch\/notfall\/","name":"Emergency - Dentist Dr. Trabold St.Moritz","isPartOf":{"@id":"https:\/\/www.zahnarzt-stmoritz.ch\/#website"},"primaryImageOfPage":{"@id":"https:\/\/www.zahnarzt-stmoritz.ch\/notfall\/#primaryimage"},"image":{"@id":"https:\/\/www.zahnarzt-stmoritz.ch\/notfall\/#primaryimage"},"thumbnailUrl":"https:\/\/www.zahnarzt-stmoritz.ch\/wp-content\/uploads\/elementor\/thumbs\/trabold_044-oy79xqrzyqqq96oihq55ing1jnme3tqvv1htcldjzk.jpg","datePublished":"2020-07-10T08:00:53+00:00","dateModified":"2020-11-10T12:25:56+00:00","breadcrumb":{"@id":"https:\/\/www.zahnarzt-stmoritz.ch\/notfall\/#breadcrumb"},"inLanguage":"en-GB","potentialAction":[{"@type":"ReadAction","target":["https:\/\/www.zahnarzt-stmoritz.ch\/notfall\/"]}]},{"@type":"ImageObject","inLanguage":"en-GB","@id":"https:\/\/www.zahnarzt-stmoritz.ch\/notfall\/#primaryimage","url":"https:\/\/www.zahnarzt-stmoritz.ch\/wp-content\/uploads\/elementor\/thumbs\/trabold_044-oy79xqrzyqqq96oihq55ing1jnme3tqvv1htcldjzk.jpg","contentUrl":"https:\/\/www.zahnarzt-stmoritz.ch\/wp-content\/uploads\/elementor\/thumbs\/trabold_044-oy79xqrzyqqq96oihq55ing1jnme3tqvv1htcldjzk.jpg"},{"@type":"BreadcrumbList","@id":"https:\/\/www.zahnarzt-stmoritz.ch\/notfall\/#breadcrumb","itemListElement":[{"@type":"ListItem","position":1,"name":"Startseite","item":"https:\/\/www.zahnarzt-stmoritz.ch\/"},{"@type":"ListItem","position":2,"name":"Notfall"}]},{"@type":"WebSite","@id":"https:\/\/www.zahnarzt-stmoritz.ch\/#website","url":"https:\/\/www.zahnarzt-stmoritz.ch\/","name":"Dentist Dr. Trabold St.Moritz","description":"The competent dental practice in St. Moritz, Engadin","publisher":{"@id":"https:\/\/www.zahnarzt-stmoritz.ch\/#organization"},"potentialAction":[{"@type":"SearchAction","target":{"@type":"EntryPoint","urlTemplate":"https:\/\/www.zahnarzt-stmoritz.ch\/?s={search_term_string}"},"query-input":{"@type":"PropertyValueSpecification","valueRequired":true,"valueName":"search_term_string"}}],"inLanguage":"en-GB"},{"@type":"Organization","@id":"https:\/\/www.zahnarzt-stmoritz.ch\/#organization","name":"Dentist Dr. Trabold St. Moritz","url":"https:\/\/www.zahnarzt-stmoritz.ch\/","logo":{"@type":"ImageObject","inLanguage":"en-GB","@id":"https:\/\/www.zahnarzt-stmoritz.ch\/#\/schema\/logo\/image\/","url":"https:\/\/www.zahnarzt-stmoritz.ch\/wp-content\/uploads\/2020\/12\/zahnarztpraxis-dr-trabold-stmoritz.png","contentUrl":"https:\/\/www.zahnarzt-stmoritz.ch\/wp-content\/uploads\/2020\/12\/zahnarztpraxis-dr-trabold-stmoritz.png","width":286,"height":85,"caption":"Zahnarzt Dr. Trabold St. Moritz"},"image":{"@id":"https:\/\/www.zahnarzt-stmoritz.ch\/#\/schema\/logo\/image\/"}}]}},"_links":{"self":[{"href":"https:\/\/www.zahnarzt-stmoritz.ch\/en\/wp-json\/wp\/v2\/pages\/163","targetHints":{"allow":["GET"]}}],"collection":[{"href":"https:\/\/www.zahnarzt-stmoritz.ch\/en\/wp-json\/wp\/v2\/pages"}],"about":[{"href":"https:\/\/www.zahnarzt-stmoritz.ch\/en\/wp-json\/wp\/v2\/types\/page"}],"author":[{"embeddable":true,"href":"https:\/\/www.zahnarzt-stmoritz.ch\/en\/wp-json\/wp\/v2\/users\/3"}],"replies":[{"embeddable":true,"href":"https:\/\/www.zahnarzt-stmoritz.ch\/en\/wp-json\/wp\/v2\/comments?post=163"}],"version-history":[{"count":10,"href":"https:\/\/www.zahnarzt-stmoritz.ch\/en\/wp-json\/wp\/v2\/pages\/163\/revisions"}],"predecessor-version":[{"id":573,"href":"https:\/\/www.zahnarzt-stmoritz.ch\/en\/wp-json\/wp\/v2\/pages\/163\/revisions\/573"}],"wp:attachment":[{"href":"https:\/\/www.zahnarzt-stmoritz.ch\/en\/wp-json\/wp\/v2\/media?parent=163"}],"wp:term":[{"taxonomy":"category","embeddable":true,"href":"https:\/\/www.zahnarzt-stmoritz.ch\/en\/wp-json\/wp\/v2\/categories?post=163"},{"taxonomy":"post_tag","embeddable":true,"href":"https:\/\/www.zahnarzt-stmoritz.ch\/en\/wp-json\/wp\/v2\/tags?post=163"}],"curies":[{"name":"wp","href":"https:\/\/api.w.org\/{rel}","templated":true}]}}