{"id":53,"date":"2020-07-09T16:21:07","date_gmt":"2020-07-09T14:21:07","guid":{"rendered":"https:\/\/www.zahnarzt-stmoritz.ch\/?page_id=53"},"modified":"2020-12-03T15:45:56","modified_gmt":"2020-12-03T13:45:56","slug":"home","status":"publish","type":"page","link":"https:\/\/www.zahnarzt-stmoritz.ch\/en\/","title":{"rendered":"Home"},"content":{"rendered":"\t\t<div data-elementor-type=\"wp-post\" data-elementor-id=\"53\" class=\"elementor elementor-53\" data-elementor-post-type=\"page\">\n\t\t\t\t\t\t<section class=\"elementor-section elementor-top-section elementor-element elementor-element-6dfa7f3 elementor-section-full_width elementor-section-height-min-height elementor-section-height-default elementor-section-items-middle\" data-id=\"6dfa7f3\" data-element_type=\"section\" data-e-type=\"section\" data-settings=\"{&quot;background_background&quot;:&quot;classic&quot;,&quot;background_motion_fx_motion_fx_scrolling&quot;:&quot;yes&quot;,&quot;background_motion_fx_devices&quot;:[&quot;desktop&quot;,&quot;tablet&quot;,&quot;mobile&quot;]}\">\n\t\t\t\t\t\t\t<div class=\"elementor-background-overlay\"><\/div>\n\t\t\t\t\t\t\t<div class=\"elementor-container elementor-column-gap-default\">\n\t\t\t\t\t<div class=\"elementor-column elementor-col-100 elementor-top-column elementor-element elementor-element-d625924\" data-id=\"d625924\" data-element_type=\"column\" data-e-type=\"column\">\n\t\t\t<div class=\"elementor-widget-wrap\">\n\t\t\t\t\t\t\t<\/div>\n\t\t<\/div>\n\t\t\t\t\t<\/div>\n\t\t<\/section>\n\t\t\t\t<section class=\"elementor-section elementor-top-section elementor-element elementor-element-0dc0f1d elementor-section-boxed elementor-section-height-default elementor-section-height-default\" data-id=\"0dc0f1d\" data-element_type=\"section\" data-e-type=\"section\">\n\t\t\t\t\t\t<div class=\"elementor-container elementor-column-gap-default\">\n\t\t\t\t\t<div class=\"elementor-column elementor-col-100 elementor-top-column elementor-element elementor-element-c02839f\" data-id=\"c02839f\" data-element_type=\"column\" data-e-type=\"column\" data-settings=\"{&quot;background_background&quot;:&quot;classic&quot;}\">\n\t\t\t<div class=\"elementor-widget-wrap elementor-element-populated\">\n\t\t\t\t\t\t<section class=\"elementor-section elementor-inner-section elementor-element elementor-element-0a25158 elementor-section-boxed elementor-section-height-default elementor-section-height-default\" data-id=\"0a25158\" data-element_type=\"section\" data-e-type=\"section\">\n\t\t\t\t\t\t<div class=\"elementor-container elementor-column-gap-default\">\n\t\t\t\t\t<div class=\"elementor-column elementor-col-50 elementor-inner-column elementor-element elementor-element-799c0b6\" data-id=\"799c0b6\" data-element_type=\"column\" data-e-type=\"column\" data-settings=\"{&quot;background_background&quot;:&quot;classic&quot;}\">\n\t\t\t<div class=\"elementor-widget-wrap elementor-element-populated\">\n\t\t\t\t\t\t<div class=\"elementor-element elementor-element-a685d5a elementor-widget elementor-widget-heading\" data-id=\"a685d5a\" data-element_type=\"widget\" data-e-type=\"widget\" data-widget_type=\"heading.default\">\n\t\t\t\t<div class=\"elementor-widget-container\">\n\t\t\t\t\t<h1 class=\"elementor-heading-title elementor-size-default\">Home<\/h1>\t\t\t\t<\/div>\n\t\t\t\t<\/div>\n\t\t\t\t\t<\/div>\n\t\t<\/div>\n\t\t\t\t<div class=\"elementor-column elementor-col-50 elementor-inner-column elementor-element elementor-element-79cb214\" data-id=\"79cb214\" data-element_type=\"column\" data-e-type=\"column\" data-settings=\"{&quot;background_background&quot;:&quot;classic&quot;}\">\n\t\t\t<div class=\"elementor-widget-wrap\">\n\t\t\t\t\t\t\t<\/div>\n\t\t<\/div>\n\t\t\t\t\t<\/div>\n\t\t<\/section>\n\t\t\t\t\t<\/div>\n\t\t<\/div>\n\t\t\t\t\t<\/div>\n\t\t<\/section>\n\t\t\t\t<section class=\"elementor-section elementor-top-section elementor-element elementor-element-ac8ce37 elementor-section-boxed elementor-section-height-default elementor-section-height-default\" data-id=\"ac8ce37\" data-element_type=\"section\" data-e-type=\"section\">\n\t\t\t\t\t\t<div class=\"elementor-container elementor-column-gap-no\">\n\t\t\t\t\t<div class=\"elementor-column elementor-col-50 elementor-top-column elementor-element elementor-element-e8231e7\" data-id=\"e8231e7\" data-element_type=\"column\" data-e-type=\"column\">\n\t\t\t<div class=\"elementor-widget-wrap elementor-element-populated\">\n\t\t\t\t\t\t<div class=\"elementor-element elementor-element-d7946f2 elementor-widget elementor-widget-heading\" data-id=\"d7946f2\" data-element_type=\"widget\" data-e-type=\"widget\" data-widget_type=\"heading.default\">\n\t\t\t\t<div class=\"elementor-widget-container\">\n\t\t\t\t\t<h1 class=\"elementor-heading-title elementor-size-default\">Herzlich willkommen<\/h1>\t\t\t\t<\/div>\n\t\t\t\t<\/div>\n\t\t\t\t<div class=\"elementor-element elementor-element-3a6c3a0 elementor-widget elementor-widget-heading\" data-id=\"3a6c3a0\" data-element_type=\"widget\" data-e-type=\"widget\" data-widget_type=\"heading.default\">\n\t\t\t\t<div class=\"elementor-widget-container\">\n\t\t\t\t\t<h2 class=\"elementor-heading-title elementor-size-default\">in der Zahnarztpraxis Dr. Trabold in St. Moritz!<\/h2>\t\t\t\t<\/div>\n\t\t\t\t<\/div>\n\t\t\t\t<div class=\"elementor-element elementor-element-3619b7b elementor-widget elementor-widget-text-editor\" data-id=\"3619b7b\" data-element_type=\"widget\" data-e-type=\"widget\" data-widget_type=\"text-editor.default\">\n\t\t\t\t<div class=\"elementor-widget-container\">\n\t\t\t\t\t\t\t\t\t<p>Wir bieten umfassende Zahnmedizin auf h\u00f6chstem Niveau. Dabei setzen wir auf pers\u00f6nliche Beratung und suchen im Dialog mit Ihnen nach der f\u00fcr Sie optimalen Behandlungsl\u00f6sung. Kurzfristige Termine sind jederzeit m\u00f6glich.<\/p>\t\t\t\t\t\t\t\t<\/div>\n\t\t\t\t<\/div>\n\t\t\t\t\t<\/div>\n\t\t<\/div>\n\t\t\t\t<div class=\"elementor-column elementor-col-50 elementor-top-column elementor-element elementor-element-d4c79ab\" data-id=\"d4c79ab\" data-element_type=\"column\" data-e-type=\"column\">\n\t\t\t<div class=\"elementor-widget-wrap elementor-element-populated\">\n\t\t\t\t\t\t<div class=\"elementor-element elementor-element-2c44528 elementor-widget elementor-widget-image\" data-id=\"2c44528\" data-element_type=\"widget\" data-e-type=\"widget\" data-widget_type=\"image.default\">\n\t\t\t\t<div class=\"elementor-widget-container\">\n\t\t\t\t\t\t\t\t\t\t\t\t\t\t\t<img fetchpriority=\"high\" decoding=\"async\" width=\"1920\" height=\"1280\" src=\"https:\/\/www.zahnarzt-stmoritz.ch\/wp-content\/uploads\/2020\/07\/zahnarzt_leistungen_studio.jpg\" class=\"attachment-full size-full wp-image-191\" alt=\"\" srcset=\"https:\/\/www.zahnarzt-stmoritz.ch\/wp-content\/uploads\/2020\/07\/zahnarzt_leistungen_studio.jpg 1920w, https:\/\/www.zahnarzt-stmoritz.ch\/wp-content\/uploads\/2020\/07\/zahnarzt_leistungen_studio-300x200.jpg 300w, https:\/\/www.zahnarzt-stmoritz.ch\/wp-content\/uploads\/2020\/07\/zahnarzt_leistungen_studio-1024x683.jpg 1024w, https:\/\/www.zahnarzt-stmoritz.ch\/wp-content\/uploads\/2020\/07\/zahnarzt_leistungen_studio-768x512.jpg 768w, https:\/\/www.zahnarzt-stmoritz.ch\/wp-content\/uploads\/2020\/07\/zahnarzt_leistungen_studio-1536x1024.jpg 1536w, https:\/\/www.zahnarzt-stmoritz.ch\/wp-content\/uploads\/2020\/07\/zahnarzt_leistungen_studio-1080x720.jpg 1080w, https:\/\/www.zahnarzt-stmoritz.ch\/wp-content\/uploads\/2020\/07\/zahnarzt_leistungen_studio-700x467.jpg 700w\" sizes=\"(max-width: 1920px) 100vw, 1920px\" \/>\t\t\t\t\t\t\t\t\t\t\t\t\t\t\t<\/div>\n\t\t\t\t<\/div>\n\t\t\t\t\t<\/div>\n\t\t<\/div>\n\t\t\t\t\t<\/div>\n\t\t<\/section>\n\t\t\t\t<section class=\"elementor-section elementor-top-section elementor-element elementor-element-d8593d8 elementor-section-boxed elementor-section-height-default elementor-section-height-default\" data-id=\"d8593d8\" data-element_type=\"section\" data-e-type=\"section\" data-settings=\"{&quot;background_background&quot;:&quot;classic&quot;,&quot;background_motion_fx_motion_fx_scrolling&quot;:&quot;yes&quot;,&quot;background_motion_fx_translateY_effect&quot;:&quot;yes&quot;,&quot;background_motion_fx_translateY_speed&quot;:{&quot;unit&quot;:&quot;px&quot;,&quot;size&quot;:4,&quot;sizes&quot;:[]},&quot;background_motion_fx_translateY_affectedRange&quot;:{&quot;unit&quot;:&quot;%&quot;,&quot;size&quot;:&quot;&quot;,&quot;sizes&quot;:{&quot;start&quot;:0,&quot;end&quot;:100}},&quot;background_motion_fx_devices&quot;:[&quot;desktop&quot;,&quot;tablet&quot;,&quot;mobile&quot;]}\">\n\t\t\t\t\t\t<div class=\"elementor-container elementor-column-gap-default\">\n\t\t\t\t\t<div class=\"elementor-column elementor-col-100 elementor-top-column elementor-element elementor-element-4f2e96f\" data-id=\"4f2e96f\" data-element_type=\"column\" data-e-type=\"column\">\n\t\t\t<div class=\"elementor-widget-wrap elementor-element-populated\">\n\t\t\t\t\t\t<div class=\"elementor-element elementor-element-59760b9 elementor-widget elementor-widget-spacer\" data-id=\"59760b9\" data-element_type=\"widget\" data-e-type=\"widget\" data-widget_type=\"spacer.default\">\n\t\t\t\t<div class=\"elementor-widget-container\">\n\t\t\t\t\t\t\t<div class=\"elementor-spacer\">\n\t\t\t<div class=\"elementor-spacer-inner\"><\/div>\n\t\t<\/div>\n\t\t\t\t\t\t<\/div>\n\t\t\t\t<\/div>\n\t\t\t\t\t<\/div>\n\t\t<\/div>\n\t\t\t\t\t<\/div>\n\t\t<\/section>\n\t\t\t\t<\/div>\n\t\t","protected":false},"excerpt":{"rendered":"<p>Home Welcome to the Dr. Trabold dental practice in St. Moritz! We offer comprehensive dentistry at the highest level. We rely on personal advice and look for the optimal treatment solution for you in dialogue with you. Short-term appointments are possible at any time.<\/p>","protected":false},"author":3,"featured_media":0,"parent":0,"menu_order":0,"comment_status":"closed","ping_status":"closed","template":"","meta":{"site-sidebar-layout":"no-sidebar","site-content-layout":"page-builder","ast-site-content-layout":"default","site-content-style":"default","site-sidebar-style":"default","ast-global-header-display":"","ast-banner-title-visibility":"","ast-main-header-display":"","ast-hfb-above-header-display":"","ast-hfb-below-header-display":"","ast-hfb-mobile-header-display":"","site-post-title":"disabled","ast-breadcrumbs-content":"","ast-featured-img":"disabled","footer-sml-layout":"","ast-disable-related-posts":"","theme-transparent-header-meta":"default","adv-header-id-meta":"","stick-header-meta":"","header-above-stick-meta":"","header-main-stick-meta":"","header-below-stick-meta":"","astra-migrate-meta-layouts":"default","ast-page-background-enabled":"default","ast-page-background-meta":{"desktop":{"background-color":"","background-image":"","background-repeat":"repeat","background-position":"center center","background-size":"auto","background-attachment":"scroll","background-type":"","background-media":"","overlay-type":"","overlay-color":"","overlay-opacity":"","overlay-gradient":""},"tablet":{"background-color":"","background-image":"","background-repeat":"repeat","background-position":"center center","background-size":"auto","background-attachment":"scroll","background-type":"","background-media":"","overlay-type":"","overlay-color":"","overlay-opacity":"","overlay-gradient":""},"mobile":{"background-color":"","background-image":"","background-repeat":"repeat","background-position":"center center","background-size":"auto","background-attachment":"scroll","background-type":"","background-media":"","overlay-type":"","overlay-color":"","overlay-opacity":"","overlay-gradient":""}},"ast-content-background-meta":{"desktop":{"background-color":"var(--ast-global-color-5)","background-image":"","background-repeat":"repeat","background-position":"center center","background-size":"auto","background-attachment":"scroll","background-type":"","background-media":"","overlay-type":"","overlay-color":"","overlay-opacity":"","overlay-gradient":""},"tablet":{"background-color":"var(--ast-global-color-5)","background-image":"","background-repeat":"repeat","background-position":"center center","background-size":"auto","background-attachment":"scroll","background-type":"","background-media":"","overlay-type":"","overlay-color":"","overlay-opacity":"","overlay-gradient":""},"mobile":{"background-color":"var(--ast-global-color-5)","background-image":"","background-repeat":"repeat","background-position":"center center","background-size":"auto","background-attachment":"scroll","background-type":"","background-media":"","overlay-type":"","overlay-color":"","overlay-opacity":"","overlay-gradient":""}},"footnotes":""},"categories":[],"tags":[],"class_list":["post-53","page","type-page","status-publish","hentry"],"yoast_head":"<!-- This site is optimized with the Yoast SEO plugin v27.4 - https:\/\/yoast.com\/product\/yoast-seo-wordpress\/ -->\n<title>Home - Zahnarzt Dr. Trabold St.Moritz<\/title>\n<meta name=\"robots\" content=\"index, follow, max-snippet:-1, max-image-preview:large, max-video-preview:-1\" \/>\n<link rel=\"canonical\" href=\"https:\/\/www.zahnarzt-stmoritz.ch\/en\/\" \/>\n<meta property=\"og:locale\" content=\"en_GB\" \/>\n<meta property=\"og:type\" content=\"article\" \/>\n<meta property=\"og:title\" content=\"Home - Zahnarzt Dr. Trabold St.Moritz\" \/>\n<meta property=\"og:description\" content=\"Home Herzlich willkommen in der Zahnarztpraxis Dr. Trabold in St. Moritz! Wir bieten umfassende Zahnmedizin auf h\u00f6chstem Niveau. Dabei setzen wir auf pers\u00f6nliche Beratung und suchen im Dialog mit Ihnen nach der f\u00fcr Sie optimalen Behandlungsl\u00f6sung. Kurzfristige Termine sind jederzeit m\u00f6glich.\" \/>\n<meta property=\"og:url\" content=\"https:\/\/www.zahnarzt-stmoritz.ch\/en\/\" \/>\n<meta property=\"og:site_name\" content=\"Zahnarzt Dr. Trabold St.Moritz\" \/>\n<meta property=\"article:modified_time\" content=\"2020-12-03T13:45:56+00:00\" \/>\n<meta property=\"og:image\" content=\"https:\/\/www.zahnarzt-stmoritz.ch\/wp-content\/uploads\/2020\/07\/zahnarzt_leistungen_studio.jpg\" \/>\n<meta name=\"twitter:card\" content=\"summary_large_image\" \/>\n<script type=\"application\/ld+json\" class=\"yoast-schema-graph\">{\"@context\":\"https:\\\/\\\/schema.org\",\"@graph\":[{\"@type\":\"WebPage\",\"@id\":\"https:\\\/\\\/www.zahnarzt-stmoritz.ch\\\/\",\"url\":\"https:\\\/\\\/www.zahnarzt-stmoritz.ch\\\/\",\"name\":\"Home - Zahnarzt Dr. Trabold St.Moritz\",\"isPartOf\":{\"@id\":\"https:\\\/\\\/www.zahnarzt-stmoritz.ch\\\/#website\"},\"primaryImageOfPage\":{\"@id\":\"https:\\\/\\\/www.zahnarzt-stmoritz.ch\\\/#primaryimage\"},\"image\":{\"@id\":\"https:\\\/\\\/www.zahnarzt-stmoritz.ch\\\/#primaryimage\"},\"thumbnailUrl\":\"https:\\\/\\\/www.zahnarzt-stmoritz.ch\\\/wp-content\\\/uploads\\\/2020\\\/07\\\/zahnarzt_leistungen_studio.jpg\",\"datePublished\":\"2020-07-09T14:21:07+00:00\",\"dateModified\":\"2020-12-03T13:45:56+00:00\",\"breadcrumb\":{\"@id\":\"https:\\\/\\\/www.zahnarzt-stmoritz.ch\\\/#breadcrumb\"},\"inLanguage\":\"en-GB\",\"potentialAction\":[{\"@type\":\"ReadAction\",\"target\":[\"https:\\\/\\\/www.zahnarzt-stmoritz.ch\\\/\"]}]},{\"@type\":\"ImageObject\",\"inLanguage\":\"en-GB\",\"@id\":\"https:\\\/\\\/www.zahnarzt-stmoritz.ch\\\/#primaryimage\",\"url\":\"https:\\\/\\\/www.zahnarzt-stmoritz.ch\\\/wp-content\\\/uploads\\\/2020\\\/07\\\/zahnarzt_leistungen_studio.jpg\",\"contentUrl\":\"https:\\\/\\\/www.zahnarzt-stmoritz.ch\\\/wp-content\\\/uploads\\\/2020\\\/07\\\/zahnarzt_leistungen_studio.jpg\"},{\"@type\":\"BreadcrumbList\",\"@id\":\"https:\\\/\\\/www.zahnarzt-stmoritz.ch\\\/#breadcrumb\",\"itemListElement\":[{\"@type\":\"ListItem\",\"position\":1,\"name\":\"Startseite\",\"item\":\"https:\\\/\\\/www.zahnarzt-stmoritz.ch\\\/\"},{\"@type\":\"ListItem\",\"position\":2,\"name\":\"Home\"}]},{\"@type\":\"WebSite\",\"@id\":\"https:\\\/\\\/www.zahnarzt-stmoritz.ch\\\/#website\",\"url\":\"https:\\\/\\\/www.zahnarzt-stmoritz.ch\\\/\",\"name\":\"Zahnarzt Dr. Trabold St.Moritz\",\"description\":\"Die kompetente Zahnarztpraxis in St. Moritz, Engadin\",\"publisher\":{\"@id\":\"https:\\\/\\\/www.zahnarzt-stmoritz.ch\\\/#organization\"},\"potentialAction\":[{\"@type\":\"SearchAction\",\"target\":{\"@type\":\"EntryPoint\",\"urlTemplate\":\"https:\\\/\\\/www.zahnarzt-stmoritz.ch\\\/?s={search_term_string}\"},\"query-input\":{\"@type\":\"PropertyValueSpecification\",\"valueRequired\":true,\"valueName\":\"search_term_string\"}}],\"inLanguage\":\"en-GB\"},{\"@type\":\"Organization\",\"@id\":\"https:\\\/\\\/www.zahnarzt-stmoritz.ch\\\/#organization\",\"name\":\"Zahnarzt Dr. Trabold St. Moritz\",\"url\":\"https:\\\/\\\/www.zahnarzt-stmoritz.ch\\\/\",\"logo\":{\"@type\":\"ImageObject\",\"inLanguage\":\"en-GB\",\"@id\":\"https:\\\/\\\/www.zahnarzt-stmoritz.ch\\\/#\\\/schema\\\/logo\\\/image\\\/\",\"url\":\"https:\\\/\\\/www.zahnarzt-stmoritz.ch\\\/wp-content\\\/uploads\\\/2020\\\/12\\\/zahnarztpraxis-dr-trabold-stmoritz.png\",\"contentUrl\":\"https:\\\/\\\/www.zahnarzt-stmoritz.ch\\\/wp-content\\\/uploads\\\/2020\\\/12\\\/zahnarztpraxis-dr-trabold-stmoritz.png\",\"width\":286,\"height\":85,\"caption\":\"Zahnarzt Dr. Trabold St. Moritz\"},\"image\":{\"@id\":\"https:\\\/\\\/www.zahnarzt-stmoritz.ch\\\/#\\\/schema\\\/logo\\\/image\\\/\"}}]}<\/script>\n<!-- \/ Yoast SEO plugin. -->","yoast_head_json":{"title":"Home - Dentist Dr. Trabold St.Moritz","robots":{"index":"index","follow":"follow","max-snippet":"max-snippet:-1","max-image-preview":"max-image-preview:large","max-video-preview":"max-video-preview:-1"},"canonical":"https:\/\/www.zahnarzt-stmoritz.ch\/en\/","og_locale":"en_GB","og_type":"article","og_title":"Home - Zahnarzt Dr. Trabold St.Moritz","og_description":"Home Herzlich willkommen in der Zahnarztpraxis Dr. Trabold in St. Moritz! Wir bieten umfassende Zahnmedizin auf h\u00f6chstem Niveau. Dabei setzen wir auf pers\u00f6nliche Beratung und suchen im Dialog mit Ihnen nach der f\u00fcr Sie optimalen Behandlungsl\u00f6sung. Kurzfristige Termine sind jederzeit m\u00f6glich.","og_url":"https:\/\/www.zahnarzt-stmoritz.ch\/en\/","og_site_name":"Zahnarzt Dr. Trabold St.Moritz","article_modified_time":"2020-12-03T13:45:56+00:00","og_image":[{"url":"https:\/\/www.zahnarzt-stmoritz.ch\/wp-content\/uploads\/2020\/07\/zahnarzt_leistungen_studio.jpg","type":"","width":"","height":""}],"twitter_card":"summary_large_image","schema":{"@context":"https:\/\/schema.org","@graph":[{"@type":"WebPage","@id":"https:\/\/www.zahnarzt-stmoritz.ch\/","url":"https:\/\/www.zahnarzt-stmoritz.ch\/","name":"Home - Dentist Dr. Trabold St.Moritz","isPartOf":{"@id":"https:\/\/www.zahnarzt-stmoritz.ch\/#website"},"primaryImageOfPage":{"@id":"https:\/\/www.zahnarzt-stmoritz.ch\/#primaryimage"},"image":{"@id":"https:\/\/www.zahnarzt-stmoritz.ch\/#primaryimage"},"thumbnailUrl":"https:\/\/www.zahnarzt-stmoritz.ch\/wp-content\/uploads\/2020\/07\/zahnarzt_leistungen_studio.jpg","datePublished":"2020-07-09T14:21:07+00:00","dateModified":"2020-12-03T13:45:56+00:00","breadcrumb":{"@id":"https:\/\/www.zahnarzt-stmoritz.ch\/#breadcrumb"},"inLanguage":"en-GB","potentialAction":[{"@type":"ReadAction","target":["https:\/\/www.zahnarzt-stmoritz.ch\/"]}]},{"@type":"ImageObject","inLanguage":"en-GB","@id":"https:\/\/www.zahnarzt-stmoritz.ch\/#primaryimage","url":"https:\/\/www.zahnarzt-stmoritz.ch\/wp-content\/uploads\/2020\/07\/zahnarzt_leistungen_studio.jpg","contentUrl":"https:\/\/www.zahnarzt-stmoritz.ch\/wp-content\/uploads\/2020\/07\/zahnarzt_leistungen_studio.jpg"},{"@type":"BreadcrumbList","@id":"https:\/\/www.zahnarzt-stmoritz.ch\/#breadcrumb","itemListElement":[{"@type":"ListItem","position":1,"name":"Startseite","item":"https:\/\/www.zahnarzt-stmoritz.ch\/"},{"@type":"ListItem","position":2,"name":"Home"}]},{"@type":"WebSite","@id":"https:\/\/www.zahnarzt-stmoritz.ch\/#website","url":"https:\/\/www.zahnarzt-stmoritz.ch\/","name":"Dentist Dr. Trabold St.Moritz","description":"The competent dental practice in St. Moritz, Engadin","publisher":{"@id":"https:\/\/www.zahnarzt-stmoritz.ch\/#organization"},"potentialAction":[{"@type":"SearchAction","target":{"@type":"EntryPoint","urlTemplate":"https:\/\/www.zahnarzt-stmoritz.ch\/?s={search_term_string}"},"query-input":{"@type":"PropertyValueSpecification","valueRequired":true,"valueName":"search_term_string"}}],"inLanguage":"en-GB"},{"@type":"Organization","@id":"https:\/\/www.zahnarzt-stmoritz.ch\/#organization","name":"Dentist Dr. Trabold St. Moritz","url":"https:\/\/www.zahnarzt-stmoritz.ch\/","logo":{"@type":"ImageObject","inLanguage":"en-GB","@id":"https:\/\/www.zahnarzt-stmoritz.ch\/#\/schema\/logo\/image\/","url":"https:\/\/www.zahnarzt-stmoritz.ch\/wp-content\/uploads\/2020\/12\/zahnarztpraxis-dr-trabold-stmoritz.png","contentUrl":"https:\/\/www.zahnarzt-stmoritz.ch\/wp-content\/uploads\/2020\/12\/zahnarztpraxis-dr-trabold-stmoritz.png","width":286,"height":85,"caption":"Zahnarzt Dr. Trabold St. Moritz"},"image":{"@id":"https:\/\/www.zahnarzt-stmoritz.ch\/#\/schema\/logo\/image\/"}}]}},"_links":{"self":[{"href":"https:\/\/www.zahnarzt-stmoritz.ch\/en\/wp-json\/wp\/v2\/pages\/53","targetHints":{"allow":["GET"]}}],"collection":[{"href":"https:\/\/www.zahnarzt-stmoritz.ch\/en\/wp-json\/wp\/v2\/pages"}],"about":[{"href":"https:\/\/www.zahnarzt-stmoritz.ch\/en\/wp-json\/wp\/v2\/types\/page"}],"author":[{"embeddable":true,"href":"https:\/\/www.zahnarzt-stmoritz.ch\/en\/wp-json\/wp\/v2\/users\/3"}],"replies":[{"embeddable":true,"href":"https:\/\/www.zahnarzt-stmoritz.ch\/en\/wp-json\/wp\/v2\/comments?post=53"}],"version-history":[{"count":11,"href":"https:\/\/www.zahnarzt-stmoritz.ch\/en\/wp-json\/wp\/v2\/pages\/53\/revisions"}],"predecessor-version":[{"id":932,"href":"https:\/\/www.zahnarzt-stmoritz.ch\/en\/wp-json\/wp\/v2\/pages\/53\/revisions\/932"}],"wp:attachment":[{"href":"https:\/\/www.zahnarzt-stmoritz.ch\/en\/wp-json\/wp\/v2\/media?parent=53"}],"wp:term":[{"taxonomy":"category","embeddable":true,"href":"https:\/\/www.zahnarzt-stmoritz.ch\/en\/wp-json\/wp\/v2\/categories?post=53"},{"taxonomy":"post_tag","embeddable":true,"href":"https:\/\/www.zahnarzt-stmoritz.ch\/en\/wp-json\/wp\/v2\/tags?post=53"}],"curies":[{"name":"wp","href":"https:\/\/api.w.org\/{rel}","templated":true}]}}