{"id":720,"date":"2021-03-11T12:07:00","date_gmt":"2021-03-11T10:07:00","guid":{"rendered":"https:\/\/www.zahnarzt-stmoritz.ch\/?page_id=720"},"modified":"2021-03-11T12:14:27","modified_gmt":"2021-03-11T10:14:27","slug":"posizioni-open","status":"publish","type":"page","link":"https:\/\/www.zahnarzt-stmoritz.ch\/it\/offene-stellen\/","title":{"rendered":"Posti vacanti"},"content":{"rendered":"\t\t<div data-elementor-type=\"wp-page\" data-elementor-id=\"720\" class=\"elementor elementor-720\" data-elementor-post-type=\"page\">\n\t\t\t\t\t\t<section class=\"elementor-section elementor-top-section elementor-element elementor-element-a785537 elementor-section-full_width elementor-section-height-min-height elementor-section-height-default elementor-section-items-middle\" data-id=\"a785537\" data-element_type=\"section\" data-e-type=\"section\" data-settings=\"{&quot;background_background&quot;:&quot;classic&quot;,&quot;background_motion_fx_motion_fx_scrolling&quot;:&quot;yes&quot;,&quot;background_motion_fx_devices&quot;:[&quot;desktop&quot;,&quot;tablet&quot;,&quot;mobile&quot;]}\">\n\t\t\t\t\t\t\t<div class=\"elementor-background-overlay\"><\/div>\n\t\t\t\t\t\t\t<div class=\"elementor-container elementor-column-gap-default\">\n\t\t\t\t\t<div class=\"elementor-column elementor-col-100 elementor-top-column elementor-element elementor-element-0e64aec\" data-id=\"0e64aec\" data-element_type=\"column\" data-e-type=\"column\">\n\t\t\t<div class=\"elementor-widget-wrap\">\n\t\t\t\t\t\t\t<\/div>\n\t\t<\/div>\n\t\t\t\t\t<\/div>\n\t\t<\/section>\n\t\t\t\t<section class=\"elementor-section elementor-top-section elementor-element elementor-element-3c7187c elementor-section-boxed elementor-section-height-default elementor-section-height-default\" data-id=\"3c7187c\" data-element_type=\"section\" data-e-type=\"section\">\n\t\t\t\t\t\t<div class=\"elementor-container elementor-column-gap-default\">\n\t\t\t\t\t<div class=\"elementor-column elementor-col-100 elementor-top-column elementor-element elementor-element-d1db507\" data-id=\"d1db507\" data-element_type=\"column\" data-e-type=\"column\" data-settings=\"{&quot;background_background&quot;:&quot;classic&quot;}\">\n\t\t\t<div class=\"elementor-widget-wrap elementor-element-populated\">\n\t\t\t\t\t\t<section class=\"elementor-section elementor-inner-section elementor-element elementor-element-4d133b4 elementor-section-boxed elementor-section-height-default elementor-section-height-default\" data-id=\"4d133b4\" data-element_type=\"section\" data-e-type=\"section\">\n\t\t\t\t\t\t<div class=\"elementor-container elementor-column-gap-default\">\n\t\t\t\t\t<div class=\"elementor-column elementor-col-50 elementor-inner-column elementor-element elementor-element-925d301\" data-id=\"925d301\" data-element_type=\"column\" data-e-type=\"column\" data-settings=\"{&quot;background_background&quot;:&quot;classic&quot;}\">\n\t\t\t<div class=\"elementor-widget-wrap elementor-element-populated\">\n\t\t\t\t\t\t<div class=\"elementor-element elementor-element-ec7b3a6 elementor-widget elementor-widget-heading\" data-id=\"ec7b3a6\" data-element_type=\"widget\" data-e-type=\"widget\" data-widget_type=\"heading.default\">\n\t\t\t\t<div class=\"elementor-widget-container\">\n\t\t\t\t\t<h1 class=\"elementor-heading-title elementor-size-default\">Offene Stellen<\/h1>\t\t\t\t<\/div>\n\t\t\t\t<\/div>\n\t\t\t\t\t<\/div>\n\t\t<\/div>\n\t\t\t\t<div class=\"elementor-column elementor-col-50 elementor-inner-column elementor-element elementor-element-e8bc8d2\" data-id=\"e8bc8d2\" data-element_type=\"column\" data-e-type=\"column\" data-settings=\"{&quot;background_background&quot;:&quot;classic&quot;}\">\n\t\t\t<div class=\"elementor-widget-wrap\">\n\t\t\t\t\t\t\t<\/div>\n\t\t<\/div>\n\t\t\t\t\t<\/div>\n\t\t<\/section>\n\t\t\t\t\t<\/div>\n\t\t<\/div>\n\t\t\t\t\t<\/div>\n\t\t<\/section>\n\t\t\t\t<section class=\"elementor-section elementor-top-section elementor-element elementor-element-121d032 elementor-section-boxed elementor-section-height-default elementor-section-height-default\" data-id=\"121d032\" data-element_type=\"section\" data-e-type=\"section\">\n\t\t\t\t\t\t<div class=\"elementor-container elementor-column-gap-no\">\n\t\t\t\t\t<div class=\"elementor-column elementor-col-50 elementor-top-column elementor-element elementor-element-ae8821a\" data-id=\"ae8821a\" data-element_type=\"column\" data-e-type=\"column\">\n\t\t\t<div class=\"elementor-widget-wrap elementor-element-populated\">\n\t\t\t\t\t\t<div class=\"elementor-element elementor-element-9ac8d24 elementor-widget elementor-widget-text-editor\" data-id=\"9ac8d24\" data-element_type=\"widget\" data-e-type=\"widget\" data-widget_type=\"text-editor.default\">\n\t\t\t\t<div class=\"elementor-widget-container\">\n\t\t\t\t\t\t\t\t\t<h2><b>Dentalhygenikerin 40%-100%<\/b><\/h2>\n<p><\/p>\n<p><span style=\"font-weight: 400;\">Zur Unterst\u00fctzung meines Teams suche ich eine fr\u00f6hliche, aufgestellte und versierte Dentalhygenikerin. Sie sind genau, teamf\u00e4hig, und haben Lust in meiner komplett neu gebauten Praxis mitten in St. Moritz Dorf bei wundersch\u00f6ner Aussicht zu arbeiten.<\/span><\/p>\n<p><span style=\"font-weight: 400;\">Ich leite seit 2007 nach meiner Assistenzzeit in St. Moritz eine eigent\u00fcmergef\u00fchrte allgemeinmedizinische Zahnarztpraxis mit zwei weiteren Zahn\u00e4rzten, drei ausgebildeten Dentalassistentinnen, zwei Dentalassistentinnen in Ausbildung und einer Dentalhygenikerin. Mein Team wird zus\u00e4tzlich durch zwei weitere Dentalhygenikerinnen gelegentlich unterst\u00fctzt.&nbsp;<\/span><\/p>\n<p><span style=\"font-weight: 400;\">Ausserdem arbeiten wird eng mit den Universit\u00e4ten Basel und Z\u00fcrich zusammen. Grosse und komplizierte Operationen und komplexe Implantationen werden in meiner Praxis mit Unterst\u00fctzung der Universit\u00e4t Basel Computer geplant durchgef\u00fchrt.&nbsp;<\/span><\/p>\n<p><span style=\"font-weight: 400;\">Wenn Sie sich fachlich auch auf dem Gebiet der Parodontologie und Implantologie interessieren und bereit sind meine Patienten freundlich zu f\u00fchren und zu betreuen sind Sie in meinem Team genau richtig.&nbsp;<\/span><\/p>\n<p><span style=\"font-weight: 400;\">St. Moritz ist im Winter und im Sommer einer der sch\u00f6nsten Orte zum Leben, Sport treiben und Geniessen. Es w\u00e4re sch\u00f6n, Sie f\u00fcr diese spezielle Region begeistern zu k\u00f6nnen. Mein Team und ich freuen uns auf Ihre Bewerbung.&nbsp;<\/span><\/p>\n<p><span style=\"font-size: 19px; font-weight: 400;\">Mit freundlichen Gr\u00fcssen,<br><\/span><span style=\"font-size: 19px; font-weight: 400;\">Dr. med.dent. Stephan Trabold<\/span><\/p><p><span style=\"font-size: 19px; font-weight: 400;\"><br><\/span><\/p><p><span style=\"font-size: 19px; font-weight: 400;\">Bewerbung postalisch: Via Quadrellas 8, 7500 St. Moritz<br><\/span><span style=\"font-size: 19px; font-weight: 400;\">Bewerbung elektonisch: <\/span><a href=\"mailto:info@zahnarzt-stmoritz.ch\" style=\"font-size: 19px; background-color: rgb(255, 255, 255);\"><span style=\"font-weight: 400;\">info@zahnarzt-stmoritz.ch<\/span><\/a><\/p>\t\t\t\t\t\t\t\t<\/div>\n\t\t\t\t<\/div>\n\t\t\t\t\t<\/div>\n\t\t<\/div>\n\t\t\t\t<div class=\"elementor-column elementor-col-50 elementor-top-column elementor-element elementor-element-74cc7c8\" data-id=\"74cc7c8\" data-element_type=\"column\" data-e-type=\"column\">\n\t\t\t<div class=\"elementor-widget-wrap\">\n\t\t\t\t\t\t\t<\/div>\n\t\t<\/div>\n\t\t\t\t\t<\/div>\n\t\t<\/section>\n\t\t\t\t<\/div>\n\t\t","protected":false},"excerpt":{"rendered":"<p>Offene Stellen Dentalhygenikerin 40%-100% Zur Unterst\u00fctzung meines Teams suche ich eine fr\u00f6hliche, aufgestellte und versierte Dentalhygenikerin. Sie sind genau, teamf\u00e4hig, und haben Lust in meiner komplett neu gebauten Praxis mitten in St. Moritz Dorf bei wundersch\u00f6ner Aussicht zu arbeiten. Ich leite seit 2007 nach meiner Assistenzzeit in St. Moritz eine eigent\u00fcmergef\u00fchrte allgemeinmedizinische Zahnarztpraxis mit zwei [&hellip;]<\/p>\n","protected":false},"author":3,"featured_media":0,"parent":0,"menu_order":0,"comment_status":"closed","ping_status":"closed","template":"","meta":{"site-sidebar-layout":"no-sidebar","site-content-layout":"page-builder","ast-site-content-layout":"default","site-content-style":"default","site-sidebar-style":"default","ast-global-header-display":"","ast-banner-title-visibility":"","ast-main-header-display":"","ast-hfb-above-header-display":"","ast-hfb-below-header-display":"","ast-hfb-mobile-header-display":"","site-post-title":"disabled","ast-breadcrumbs-content":"","ast-featured-img":"disabled","footer-sml-layout":"","ast-disable-related-posts":"","theme-transparent-header-meta":"default","adv-header-id-meta":"","stick-header-meta":"","header-above-stick-meta":"","header-main-stick-meta":"","header-below-stick-meta":"","astra-migrate-meta-layouts":"default","ast-page-background-enabled":"default","ast-page-background-meta":{"desktop":{"background-color":"","background-image":"","background-repeat":"repeat","background-position":"center center","background-size":"auto","background-attachment":"scroll","background-type":"","background-media":"","overlay-type":"","overlay-color":"","overlay-opacity":"","overlay-gradient":""},"tablet":{"background-color":"","background-image":"","background-repeat":"repeat","background-position":"center center","background-size":"auto","background-attachment":"scroll","background-type":"","background-media":"","overlay-type":"","overlay-color":"","overlay-opacity":"","overlay-gradient":""},"mobile":{"background-color":"","background-image":"","background-repeat":"repeat","background-position":"center center","background-size":"auto","background-attachment":"scroll","background-type":"","background-media":"","overlay-type":"","overlay-color":"","overlay-opacity":"","overlay-gradient":""}},"ast-content-background-meta":{"desktop":{"background-color":"var(--ast-global-color-5)","background-image":"","background-repeat":"repeat","background-position":"center center","background-size":"auto","background-attachment":"scroll","background-type":"","background-media":"","overlay-type":"","overlay-color":"","overlay-opacity":"","overlay-gradient":""},"tablet":{"background-color":"var(--ast-global-color-5)","background-image":"","background-repeat":"repeat","background-position":"center center","background-size":"auto","background-attachment":"scroll","background-type":"","background-media":"","overlay-type":"","overlay-color":"","overlay-opacity":"","overlay-gradient":""},"mobile":{"background-color":"var(--ast-global-color-5)","background-image":"","background-repeat":"repeat","background-position":"center center","background-size":"auto","background-attachment":"scroll","background-type":"","background-media":"","overlay-type":"","overlay-color":"","overlay-opacity":"","overlay-gradient":""}},"footnotes":""},"categories":[],"tags":[],"class_list":["post-720","page","type-page","status-publish","hentry"],"yoast_head":"<!-- This site is optimized with the Yoast SEO plugin v27.4 - https:\/\/yoast.com\/product\/yoast-seo-wordpress\/ -->\n<title>Offene Stellen - Zahnarzt Dr. Trabold St.Moritz<\/title>\n<meta name=\"robots\" content=\"index, follow, max-snippet:-1, max-image-preview:large, max-video-preview:-1\" \/>\n<link rel=\"canonical\" href=\"https:\/\/www.zahnarzt-stmoritz.ch\/it\/posizioni-open\/\" \/>\n<meta property=\"og:locale\" content=\"it_IT\" \/>\n<meta property=\"og:type\" content=\"article\" \/>\n<meta property=\"og:title\" content=\"Offene Stellen - Zahnarzt Dr. Trabold St.Moritz\" \/>\n<meta property=\"og:description\" content=\"Offene Stellen Dentalhygenikerin 40%-100% Zur Unterst\u00fctzung meines Teams suche ich eine fr\u00f6hliche, aufgestellte und versierte Dentalhygenikerin. Sie sind genau, teamf\u00e4hig, und haben Lust in meiner komplett neu gebauten Praxis mitten in St. Moritz Dorf bei wundersch\u00f6ner Aussicht zu arbeiten. Ich leite seit 2007 nach meiner Assistenzzeit in St. Moritz eine eigent\u00fcmergef\u00fchrte allgemeinmedizinische Zahnarztpraxis mit zwei [&hellip;]\" \/>\n<meta property=\"og:url\" content=\"https:\/\/www.zahnarzt-stmoritz.ch\/it\/posizioni-open\/\" \/>\n<meta property=\"og:site_name\" content=\"Zahnarzt Dr. Trabold St.Moritz\" \/>\n<meta property=\"article:modified_time\" content=\"2021-03-11T10:14:27+00:00\" \/>\n<meta name=\"twitter:card\" content=\"summary_large_image\" \/>\n<meta name=\"twitter:label1\" content=\"Tempo di lettura stimato\" \/>\n\t<meta name=\"twitter:data1\" content=\"1 minuto\" \/>\n<script type=\"application\/ld+json\" class=\"yoast-schema-graph\">{\"@context\":\"https:\\\/\\\/schema.org\",\"@graph\":[{\"@type\":\"WebPage\",\"@id\":\"https:\\\/\\\/www.zahnarzt-stmoritz.ch\\\/offene-stellen\\\/\",\"url\":\"https:\\\/\\\/www.zahnarzt-stmoritz.ch\\\/offene-stellen\\\/\",\"name\":\"Offene Stellen - Zahnarzt Dr. Trabold St.Moritz\",\"isPartOf\":{\"@id\":\"https:\\\/\\\/www.zahnarzt-stmoritz.ch\\\/#website\"},\"datePublished\":\"2021-03-11T10:07:00+00:00\",\"dateModified\":\"2021-03-11T10:14:27+00:00\",\"breadcrumb\":{\"@id\":\"https:\\\/\\\/www.zahnarzt-stmoritz.ch\\\/offene-stellen\\\/#breadcrumb\"},\"inLanguage\":\"it-IT\",\"potentialAction\":[{\"@type\":\"ReadAction\",\"target\":[\"https:\\\/\\\/www.zahnarzt-stmoritz.ch\\\/offene-stellen\\\/\"]}]},{\"@type\":\"BreadcrumbList\",\"@id\":\"https:\\\/\\\/www.zahnarzt-stmoritz.ch\\\/offene-stellen\\\/#breadcrumb\",\"itemListElement\":[{\"@type\":\"ListItem\",\"position\":1,\"name\":\"Startseite\",\"item\":\"https:\\\/\\\/www.zahnarzt-stmoritz.ch\\\/\"},{\"@type\":\"ListItem\",\"position\":2,\"name\":\"Offene Stellen\"}]},{\"@type\":\"WebSite\",\"@id\":\"https:\\\/\\\/www.zahnarzt-stmoritz.ch\\\/#website\",\"url\":\"https:\\\/\\\/www.zahnarzt-stmoritz.ch\\\/\",\"name\":\"Zahnarzt Dr. Trabold St.Moritz\",\"description\":\"Die kompetente Zahnarztpraxis in St. Moritz, Engadin\",\"publisher\":{\"@id\":\"https:\\\/\\\/www.zahnarzt-stmoritz.ch\\\/#organization\"},\"potentialAction\":[{\"@type\":\"SearchAction\",\"target\":{\"@type\":\"EntryPoint\",\"urlTemplate\":\"https:\\\/\\\/www.zahnarzt-stmoritz.ch\\\/?s={search_term_string}\"},\"query-input\":{\"@type\":\"PropertyValueSpecification\",\"valueRequired\":true,\"valueName\":\"search_term_string\"}}],\"inLanguage\":\"it-IT\"},{\"@type\":\"Organization\",\"@id\":\"https:\\\/\\\/www.zahnarzt-stmoritz.ch\\\/#organization\",\"name\":\"Zahnarzt Dr. Trabold St. Moritz\",\"url\":\"https:\\\/\\\/www.zahnarzt-stmoritz.ch\\\/\",\"logo\":{\"@type\":\"ImageObject\",\"inLanguage\":\"it-IT\",\"@id\":\"https:\\\/\\\/www.zahnarzt-stmoritz.ch\\\/#\\\/schema\\\/logo\\\/image\\\/\",\"url\":\"https:\\\/\\\/www.zahnarzt-stmoritz.ch\\\/wp-content\\\/uploads\\\/2020\\\/12\\\/zahnarztpraxis-dr-trabold-stmoritz.png\",\"contentUrl\":\"https:\\\/\\\/www.zahnarzt-stmoritz.ch\\\/wp-content\\\/uploads\\\/2020\\\/12\\\/zahnarztpraxis-dr-trabold-stmoritz.png\",\"width\":286,\"height\":85,\"caption\":\"Zahnarzt Dr. Trabold St. Moritz\"},\"image\":{\"@id\":\"https:\\\/\\\/www.zahnarzt-stmoritz.ch\\\/#\\\/schema\\\/logo\\\/image\\\/\"}}]}<\/script>\n<!-- \/ Yoast SEO plugin. -->","yoast_head_json":{"title":"Offerte di lavoro - Dentist Dr. Trabold St.Moritz","robots":{"index":"index","follow":"follow","max-snippet":"max-snippet:-1","max-image-preview":"max-image-preview:large","max-video-preview":"max-video-preview:-1"},"canonical":"https:\/\/www.zahnarzt-stmoritz.ch\/it\/posizioni-open\/","og_locale":"it_IT","og_type":"article","og_title":"Offene Stellen - Zahnarzt Dr. Trabold St.Moritz","og_description":"Offene Stellen Dentalhygenikerin 40%-100% Zur Unterst\u00fctzung meines Teams suche ich eine fr\u00f6hliche, aufgestellte und versierte Dentalhygenikerin. Sie sind genau, teamf\u00e4hig, und haben Lust in meiner komplett neu gebauten Praxis mitten in St. Moritz Dorf bei wundersch\u00f6ner Aussicht zu arbeiten. Ich leite seit 2007 nach meiner Assistenzzeit in St. Moritz eine eigent\u00fcmergef\u00fchrte allgemeinmedizinische Zahnarztpraxis mit zwei [&hellip;]","og_url":"https:\/\/www.zahnarzt-stmoritz.ch\/it\/posizioni-open\/","og_site_name":"Zahnarzt Dr. Trabold St.Moritz","article_modified_time":"2021-03-11T10:14:27+00:00","twitter_card":"summary_large_image","twitter_misc":{"Tempo di lettura stimato":"1 minuto"},"schema":{"@context":"https:\/\/schema.org","@graph":[{"@type":"WebPage","@id":"https:\/\/www.zahnarzt-stmoritz.ch\/offene-stellen\/","url":"https:\/\/www.zahnarzt-stmoritz.ch\/offene-stellen\/","name":"Offerte di lavoro - Dentist Dr. Trabold St.Moritz","isPartOf":{"@id":"https:\/\/www.zahnarzt-stmoritz.ch\/#website"},"datePublished":"2021-03-11T10:07:00+00:00","dateModified":"2021-03-11T10:14:27+00:00","breadcrumb":{"@id":"https:\/\/www.zahnarzt-stmoritz.ch\/offene-stellen\/#breadcrumb"},"inLanguage":"it-IT","potentialAction":[{"@type":"ReadAction","target":["https:\/\/www.zahnarzt-stmoritz.ch\/offene-stellen\/"]}]},{"@type":"BreadcrumbList","@id":"https:\/\/www.zahnarzt-stmoritz.ch\/offene-stellen\/#breadcrumb","itemListElement":[{"@type":"ListItem","position":1,"name":"Startseite","item":"https:\/\/www.zahnarzt-stmoritz.ch\/"},{"@type":"ListItem","position":2,"name":"Offene Stellen"}]},{"@type":"WebSite","@id":"https:\/\/www.zahnarzt-stmoritz.ch\/#website","url":"https:\/\/www.zahnarzt-stmoritz.ch\/","name":"Dentista Dr. Trabold St.Moritz","description":"Lo studio dentistico competente a St. Moritz, Engadin","publisher":{"@id":"https:\/\/www.zahnarzt-stmoritz.ch\/#organization"},"potentialAction":[{"@type":"SearchAction","target":{"@type":"EntryPoint","urlTemplate":"https:\/\/www.zahnarzt-stmoritz.ch\/?s={search_term_string}"},"query-input":{"@type":"PropertyValueSpecification","valueRequired":true,"valueName":"search_term_string"}}],"inLanguage":"it-IT"},{"@type":"Organization","@id":"https:\/\/www.zahnarzt-stmoritz.ch\/#organization","name":"Dentista Dr. Trabold St. Moritz","url":"https:\/\/www.zahnarzt-stmoritz.ch\/","logo":{"@type":"ImageObject","inLanguage":"it-IT","@id":"https:\/\/www.zahnarzt-stmoritz.ch\/#\/schema\/logo\/image\/","url":"https:\/\/www.zahnarzt-stmoritz.ch\/wp-content\/uploads\/2020\/12\/zahnarztpraxis-dr-trabold-stmoritz.png","contentUrl":"https:\/\/www.zahnarzt-stmoritz.ch\/wp-content\/uploads\/2020\/12\/zahnarztpraxis-dr-trabold-stmoritz.png","width":286,"height":85,"caption":"Zahnarzt Dr. Trabold St. Moritz"},"image":{"@id":"https:\/\/www.zahnarzt-stmoritz.ch\/#\/schema\/logo\/image\/"}}]}},"_links":{"self":[{"href":"https:\/\/www.zahnarzt-stmoritz.ch\/it\/wp-json\/wp\/v2\/pages\/720","targetHints":{"allow":["GET"]}}],"collection":[{"href":"https:\/\/www.zahnarzt-stmoritz.ch\/it\/wp-json\/wp\/v2\/pages"}],"about":[{"href":"https:\/\/www.zahnarzt-stmoritz.ch\/it\/wp-json\/wp\/v2\/types\/page"}],"author":[{"embeddable":true,"href":"https:\/\/www.zahnarzt-stmoritz.ch\/it\/wp-json\/wp\/v2\/users\/3"}],"replies":[{"embeddable":true,"href":"https:\/\/www.zahnarzt-stmoritz.ch\/it\/wp-json\/wp\/v2\/comments?post=720"}],"version-history":[{"count":10,"href":"https:\/\/www.zahnarzt-stmoritz.ch\/it\/wp-json\/wp\/v2\/pages\/720\/revisions"}],"predecessor-version":[{"id":734,"href":"https:\/\/www.zahnarzt-stmoritz.ch\/it\/wp-json\/wp\/v2\/pages\/720\/revisions\/734"}],"wp:attachment":[{"href":"https:\/\/www.zahnarzt-stmoritz.ch\/it\/wp-json\/wp\/v2\/media?parent=720"}],"wp:term":[{"taxonomy":"category","embeddable":true,"href":"https:\/\/www.zahnarzt-stmoritz.ch\/it\/wp-json\/wp\/v2\/categories?post=720"},{"taxonomy":"post_tag","embeddable":true,"href":"https:\/\/www.zahnarzt-stmoritz.ch\/it\/wp-json\/wp\/v2\/tags?post=720"}],"curies":[{"name":"parola chiave","href":"https:\/\/api.w.org\/{rel}","templated":true}]}}